{"id":1158,"date":"2024-04-12T23:02:59","date_gmt":"2024-04-12T21:02:59","guid":{"rendered":"https:\/\/www.skutskepparn.se\/bb\/"},"modified":"2026-03-10T15:10:37","modified_gmt":"2026-03-10T14:10:37","slug":"bb__trashed","status":"publish","type":"page","link":"https:\/\/www.skutskepparn.se\/en\/bb__trashed\/","title":{"rendered":"B&amp;B"},"content":{"rendered":"","protected":false},"excerpt":{"rendered":"","protected":false},"author":1,"featured_media":0,"parent":0,"menu_order":0,"comment_status":"closed","ping_status":"closed","template":"page-bb-template","meta":{"saved_in_kubio":true,"_monsterinsights_skip_tracking":false,"_monsterinsights_sitenote_active":false,"_monsterinsights_sitenote_note":"","_monsterinsights_sitenote_category":0,"_price":"","_stock":"","_tribe_ticket_header":"","_tribe_default_ticket_provider":"","_tribe_ticket_capacity":"0","_ticket_start_date":"","_ticket_end_date":"","_tribe_ticket_show_description":"","_tribe_ticket_show_not_going":false,"_tribe_ticket_use_global_stock":"","_tribe_ticket_global_stock_level":"","_global_stock_mode":"","_global_stock_cap":"","_tribe_rsvp_for_event":"","_tribe_ticket_going_count":"","_tribe_ticket_not_going_count":"","_tribe_tickets_list":"[]","_tribe_ticket_has_attendee_info_fields":false,"footnotes":"","_tec_slr_enabled":"","_tec_slr_layout":""},"class_list":["post-1158","page","type-page","status-publish","hentry"],"aioseo_notices":[],"kubio_ai_page_context":{"short_desc":"Presentation av v\u00e5ra rum. Vi hyr ut sm\u00e5 men trevligt inredda rum som inneh\u00e5ller tv\u00e5 90 cm s\u00e4ngar, treb\u00e4ddsrummen inneh\u00e5ller en v\u00e5ningss\u00e4ng + en enkels\u00e4ng. N\u00e4r du bokar ett rum hos oss ing\u00e5r lakan och frukost. Rummen delar p\u00e5 totalt 4 hygienutymmen - 2 duschar och 2 toaletter. \nVi hyr \u00e4ven ut en pittoresk sj\u00f6bod med direkt n\u00e4rhet till havet bara ett stenkast fr\u00e5n restaurangen. Sj\u00f6boden har utv\u00e4ndig tillg\u00e5ng till dusch och toalett i restaurangbyggnadens k\u00e4llare.","purpose":"services","isFrontPage":false},"ticketed":false,"_links":{"self":[{"href":"https:\/\/www.skutskepparn.se\/en\/wp-json\/wp\/v2\/pages\/1158","targetHints":{"allow":["GET"]}}],"collection":[{"href":"https:\/\/www.skutskepparn.se\/en\/wp-json\/wp\/v2\/pages"}],"about":[{"href":"https:\/\/www.skutskepparn.se\/en\/wp-json\/wp\/v2\/types\/page"}],"author":[{"embeddable":true,"href":"https:\/\/www.skutskepparn.se\/en\/wp-json\/wp\/v2\/users\/1"}],"replies":[{"embeddable":true,"href":"https:\/\/www.skutskepparn.se\/en\/wp-json\/wp\/v2\/comments?post=1158"}],"version-history":[{"count":3,"href":"https:\/\/www.skutskepparn.se\/en\/wp-json\/wp\/v2\/pages\/1158\/revisions"}],"predecessor-version":[{"id":1697,"href":"https:\/\/www.skutskepparn.se\/en\/wp-json\/wp\/v2\/pages\/1158\/revisions\/1697"}],"wp:attachment":[{"href":"https:\/\/www.skutskepparn.se\/en\/wp-json\/wp\/v2\/media?parent=1158"}],"curies":[{"name":"wp","href":"https:\/\/api.w.org\/{rel}","templated":true}]}}