{"id":1284,"date":"2024-05-21T17:08:25","date_gmt":"2024-05-21T15:08:25","guid":{"rendered":"https:\/\/www.skutskepparn.se\/event\/"},"modified":"2026-02-23T21:48:08","modified_gmt":"2026-02-23T20:48:08","slug":"veranstaltung","status":"publish","type":"page","link":"https:\/\/www.skutskepparn.se\/de\/event\/","title":{"rendered":"Veranstaltung"},"content":{"rendered":"","protected":false},"excerpt":{"rendered":"","protected":false},"author":1,"featured_media":0,"parent":0,"menu_order":0,"comment_status":"closed","ping_status":"closed","template":"page-event-template","meta":{"saved_in_kubio":true,"_monsterinsights_skip_tracking":false,"_monsterinsights_sitenote_active":false,"_monsterinsights_sitenote_note":"","_monsterinsights_sitenote_category":0,"_price":"","_stock":"","_tribe_ticket_header":"","_tribe_default_ticket_provider":"","_tribe_ticket_capacity":"0","_ticket_start_date":"","_ticket_end_date":"","_tribe_ticket_show_description":"","_tribe_ticket_show_not_going":false,"_tribe_ticket_use_global_stock":"","_tribe_ticket_global_stock_level":"","_global_stock_mode":"","_global_stock_cap":"","_tribe_rsvp_for_event":"","_tribe_ticket_going_count":"","_tribe_ticket_not_going_count":"","_tribe_tickets_list":"[]","_tribe_ticket_has_attendee_info_fields":false,"footnotes":"","_tec_slr_enabled":"","_tec_slr_layout":""},"class_list":["post-1284","page","type-page","status-publish","hentry"],"aioseo_notices":[],"kubio_ai_page_context":{"short_desc":"Under sommaren arrangerar vi olika event - musikspelningar, jazzfestival, musikquiz, f\u00f6rfattarkv\u00e4llar. Lokala f\u00f6rm\u00e5gor f\u00e5r uppvisa sin talang eller p\u00e5 annat s\u00e4tt har ut\u00f6varna koppling till H\u00f6ga Kusten.","purpose":"general","isFrontPage":false},"ticketed":false,"_links":{"self":[{"href":"https:\/\/www.skutskepparn.se\/de\/wp-json\/wp\/v2\/pages\/1284","targetHints":{"allow":["GET"]}}],"collection":[{"href":"https:\/\/www.skutskepparn.se\/de\/wp-json\/wp\/v2\/pages"}],"about":[{"href":"https:\/\/www.skutskepparn.se\/de\/wp-json\/wp\/v2\/types\/page"}],"author":[{"embeddable":true,"href":"https:\/\/www.skutskepparn.se\/de\/wp-json\/wp\/v2\/users\/1"}],"replies":[{"embeddable":true,"href":"https:\/\/www.skutskepparn.se\/de\/wp-json\/wp\/v2\/comments?post=1284"}],"version-history":[{"count":6,"href":"https:\/\/www.skutskepparn.se\/de\/wp-json\/wp\/v2\/pages\/1284\/revisions"}],"predecessor-version":[{"id":1821,"href":"https:\/\/www.skutskepparn.se\/de\/wp-json\/wp\/v2\/pages\/1284\/revisions\/1821"}],"wp:attachment":[{"href":"https:\/\/www.skutskepparn.se\/de\/wp-json\/wp\/v2\/media?parent=1284"}],"curies":[{"name":"wp","href":"https:\/\/api.w.org\/{rel}","templated":true}]}}