{"id":1118,"date":"2024-03-27T17:07:15","date_gmt":"2024-03-27T16:07:15","guid":{"rendered":"https:\/\/www.skutskepparn.se\/meny\/"},"modified":"2025-06-22T20:28:27","modified_gmt":"2025-06-22T18:28:27","slug":"warm","status":"publish","type":"page","link":"https:\/\/www.skutskepparn.se\/de\/varmat\/","title":{"rendered":"Unser Essen"},"content":{"rendered":"","protected":false},"excerpt":{"rendered":"","protected":false},"author":1,"featured_media":0,"parent":0,"menu_order":0,"comment_status":"closed","ping_status":"closed","template":"page-var-mat-template","meta":{"saved_in_kubio":true,"_monsterinsights_skip_tracking":false,"_monsterinsights_sitenote_active":false,"_monsterinsights_sitenote_note":"","_monsterinsights_sitenote_category":0,"_price":"","_stock":"","_tribe_ticket_header":"","_tribe_default_ticket_provider":"","_tribe_ticket_capacity":"0","_ticket_start_date":"","_ticket_end_date":"","_tribe_ticket_show_description":"","_tribe_ticket_show_not_going":false,"_tribe_ticket_use_global_stock":"","_tribe_ticket_global_stock_level":"","_global_stock_mode":"","_global_stock_cap":"","_tribe_rsvp_for_event":"","_tribe_ticket_going_count":"","_tribe_ticket_not_going_count":"","_tribe_tickets_list":"[]","_tribe_ticket_has_attendee_info_fields":false,"footnotes":"","_tec_slr_enabled":"","_tec_slr_layout":""},"class_list":["post-1118","page","type-page","status-publish","hentry"],"aioseo_notices":[],"kubio_ai_page_context":{"short_desc":"En presentation av v\u00e5ra menyer, traditionell och ny mat av lokala r\u00e5varor. V\u00e5rt k\u00f6tt h\u00e4mtar vi fr\u00e5n egen g\u00e5rd. \u00c4lgk\u00f6tt fr\u00e5n de norrl\u00e4ndska skogarna. Str\u00f6mming fr\u00e5n Bottenviken. Viltf\u00e5ngad lax fr\u00e5n Bottenhavet. Brett utbud av vegetariska och veganska r\u00e4tter. F\u00f6rr\u00e4tter, huvudr\u00e4tter, efterr\u00e4tter. L\u00e4tta r\u00e4tter som sm\u00f6rg\u00e5sar och sallader. Bakverk.","purpose":"pricing","isFrontPage":false},"ticketed":false,"_links":{"self":[{"href":"https:\/\/www.skutskepparn.se\/de\/wp-json\/wp\/v2\/pages\/1118","targetHints":{"allow":["GET"]}}],"collection":[{"href":"https:\/\/www.skutskepparn.se\/de\/wp-json\/wp\/v2\/pages"}],"about":[{"href":"https:\/\/www.skutskepparn.se\/de\/wp-json\/wp\/v2\/types\/page"}],"author":[{"embeddable":true,"href":"https:\/\/www.skutskepparn.se\/de\/wp-json\/wp\/v2\/users\/1"}],"replies":[{"embeddable":true,"href":"https:\/\/www.skutskepparn.se\/de\/wp-json\/wp\/v2\/comments?post=1118"}],"version-history":[{"count":6,"href":"https:\/\/www.skutskepparn.se\/de\/wp-json\/wp\/v2\/pages\/1118\/revisions"}],"predecessor-version":[{"id":1559,"href":"https:\/\/www.skutskepparn.se\/de\/wp-json\/wp\/v2\/pages\/1118\/revisions\/1559"}],"wp:attachment":[{"href":"https:\/\/www.skutskepparn.se\/de\/wp-json\/wp\/v2\/media?parent=1118"}],"curies":[{"name":"wp","href":"https:\/\/api.w.org\/{rel}","templated":true}]}}